{"id":20,"date":"2025-03-30T13:51:24","date_gmt":"2025-03-30T16:51:24","guid":{"rendered":"https:\/\/nous.biz\/?page_id=20"},"modified":"2026-01-16T15:28:48","modified_gmt":"2026-01-16T18:28:48","slug":"contato","status":"publish","type":"page","link":"https:\/\/nous.biz\/en\/contato\/","title":{"rendered":"Contact"},"content":{"rendered":"<div data-elementor-type=\"wp-page\" data-elementor-id=\"20\" class=\"elementor elementor-20\" data-elementor-post-type=\"page\">\n\t\t\t\t<div class=\"elementor-element elementor-element-3f56d3c e-con-full e-flex e-con e-parent\" data-id=\"3f56d3c\" data-element_type=\"container\" data-settings=\"{&quot;background_background&quot;:&quot;classic&quot;}\">\n\t\t<div class=\"elementor-element elementor-element-0153c89 e-flex e-con-boxed e-con e-child\" data-id=\"0153c89\" data-element_type=\"container\">\n\t\t\t\t\t<div class=\"e-con-inner\">\n\t\t<div class=\"elementor-element elementor-element-e3d707b e-con-full e-flex e-con e-child\" data-id=\"e3d707b\" data-element_type=\"container\">\n\t\t\t\t<div class=\"elementor-element elementor-element-6d6284e elementor-absolute elementor-widget elementor-widget-heading\" data-id=\"6d6284e\" data-element_type=\"widget\" data-settings=\"{&quot;_position&quot;:&quot;absolute&quot;}\" data-widget_type=\"heading.default\">\n\t\t\t\t<div class=\"elementor-widget-container\">\n\t\t\t\t\t<h1 class=\"elementor-heading-title elementor-size-default\">Contact<\/h1>\t\t\t\t<\/div>\n\t\t\t\t<\/div>\n\t\t\t\t<div class=\"elementor-element elementor-element-95c4d4e elementor-widget__width-initial elementor-invisible elementor-widget elementor-widget-heading\" data-id=\"95c4d4e\" data-element_type=\"widget\" data-settings=\"{&quot;_animation&quot;:&quot;fadeInUp&quot;,&quot;_animation_delay&quot;:100}\" data-widget_type=\"heading.default\">\n\t\t\t\t<div class=\"elementor-widget-container\">\n\t\t\t\t\t<p class=\"elementor-heading-title elementor-size-default\">Let\u2019s\nbuild\nthe\nnext\nbig\nidea\ntogether?<\/p>\t\t\t\t<\/div>\n\t\t\t\t<\/div>\n\t\t\t\t<div class=\"elementor-element elementor-element-9c3cc5d elementor-widget__width-initial elementor-invisible elementor-widget elementor-widget-text-editor\" data-id=\"9c3cc5d\" data-element_type=\"widget\" data-settings=\"{&quot;_animation&quot;:&quot;fadeInUp&quot;,&quot;_animation_delay&quot;:100}\" data-widget_type=\"text-editor.default\">\n\t\t\t\t<div class=\"elementor-widget-container\">\n\t\t\t\t\t\t\t\t\t<p>Contact us and find out how we can transform your business today.<\/p>\t\t\t\t\t\t\t\t<\/div>\n\t\t\t\t<\/div>\n\t\t\t\t<\/div>\n\t\t<div class=\"elementor-element elementor-element-11e9323 e-con-full e-flex e-con e-child\" data-id=\"11e9323\" data-element_type=\"container\">\n\t\t\t\t<div class=\"elementor-element elementor-element-05299a8 elementor-widget elementor-widget-shortcode\" data-id=\"05299a8\" data-element_type=\"widget\" data-widget_type=\"shortcode.default\">\n\t\t\t\t<div class=\"elementor-widget-container\">\n\t\t\t\t\t\t\t<div class=\"elementor-shortcode\"><div class=\"footer-form-container\">\n  \n<div class=\"wpcf7 no-js\" id=\"wpcf7-f3095-o1\" lang=\"pt-BR\" dir=\"ltr\" data-wpcf7-id=\"3095\">\n<div class=\"screen-reader-response\"><p role=\"status\" aria-live=\"polite\" aria-atomic=\"true\"><\/p> <ul><\/ul><\/div>\n<form action=\"\/en\/wp-json\/wp\/v2\/pages\/20#wpcf7-f3095-o1\" method=\"post\" class=\"wpcf7-form init\" aria-label=\"Formul\u00e1rios de contato\" novalidate=\"novalidate\" data-status=\"init\" data-trp-original-action=\"\/en\/wp-json\/wp\/v2\/pages\/20#wpcf7-f3095-o1\">\n<div style=\"display: none;\">\n<input type=\"hidden\" name=\"_wpcf7\" value=\"3095\" \/>\n<input type=\"hidden\" name=\"_wpcf7_version\" value=\"6.0.6\" \/>\n<input type=\"hidden\" name=\"_wpcf7_locale\" value=\"pt_BR\" \/>\n<input type=\"hidden\" name=\"_wpcf7_unit_tag\" value=\"wpcf7-f3095-o1\" \/>\n<input type=\"hidden\" name=\"_wpcf7_container_post\" value=\"0\" \/>\n<input type=\"hidden\" name=\"_wpcf7_posted_data_hash\" value=\"\" \/>\n<\/div>\n<div id=\"form-contact-custom\">\n\t<p><span class=\"wpcf7-form-control-wrap\" data-name=\"your-name\"><input size=\"40\" maxlength=\"400\" class=\"wpcf7-form-control wpcf7-text wpcf7-validates-as-required input-name\" autocomplete=\"name\" aria-required=\"true\" aria-invalid=\"false\" placeholder=\"Name\" value=\"\" type=\"text\" name=\"your-name\" \/><\/span><br \/>\n<span class=\"wpcf7-form-control-wrap\" data-name=\"your-phone\"><input size=\"40\" maxlength=\"400\" class=\"wpcf7-form-control wpcf7-text wpcf7-validates-as-required input-phone\" aria-required=\"true\" aria-invalid=\"false\" placeholder=\"Phone\" value=\"\" type=\"text\" name=\"your-phone\" \/><\/span><br \/>\n<span class=\"wpcf7-form-control-wrap\" data-name=\"your-email\"><input size=\"40\" maxlength=\"400\" class=\"wpcf7-form-control wpcf7-email wpcf7-validates-as-required wpcf7-text wpcf7-validates-as-email input-email\" autocomplete=\"email\" aria-required=\"true\" aria-invalid=\"false\" placeholder=\"Email\" value=\"\" type=\"email\" name=\"your-email\" \/><\/span><br \/>\n<span class=\"wpcf7-form-control-wrap\" data-name=\"your-message\"><textarea cols=\"40\" rows=\"10\" maxlength=\"2000\" class=\"wpcf7-form-control wpcf7-textarea wpcf7-validates-as-required input-message\" aria-required=\"true\" aria-invalid=\"false\" placeholder=\"Message\" name=\"your-message\"><\/textarea><\/span>\n\t<\/p>\n\t<div class=\"campo-form captcha-form\">\n\t\t<p><label for=\"captcha-resposta-licenciado\"><br \/>\n<\/label>\n\t\t<\/p>\n\t\t<p class=\"label-text captcha-label\">How much is <span class=\"captcha-equacao\">5 + 3<\/span> ?\n\t\t<\/p>\n\t\t<p><span class=\"wpcf7-form-control-wrap\" data-name=\"captcha-resposta\"><input class=\"wpcf7-form-control wpcf7-number wpcf7-validates-as-required wpcf7-validates-as-number captcha-resposta\" id=\"captcha-resposta-licenciado\" aria-required=\"true\" aria-invalid=\"false\" placeholder=\"Type the result\" value=\"\" type=\"number\" name=\"captcha-resposta\" \/><\/span><br \/>\n\t\t<input class=\"wpcf7-form-control wpcf7-hidden captcha-resultado\" id=\"captcha-resultado-licenciado\" value=\"\" type=\"hidden\" name=\"captcha-resultado\" \/>\n\t\t<\/p>\n\t<\/div>\n\t<p><input class=\"wpcf7-form-control wpcf7-submit has-spinner btn-enviar\" type=\"submit\" value=\"Submit\" \/>\n\t<\/p>\n<\/div><div class=\"wpcf7-response-output\" aria-hidden=\"true\"><\/div>\n<input type=\"hidden\" name=\"trp-form-language\" value=\"en\"\/><\/form>\n<\/div>\n\n<\/div>\n\n<script>\ndocument.addEventListener('DOMContentLoaded', function() {\n  const phoneInputs = document.querySelectorAll('.input-phone');\n\n  function maskPhone(value) {\n    value = value.replace(\/\\D\/g, '');\n    if (value.length > 10) {\n      value = value.replace(\/(\\d{2})(\\d{5})(\\d{4})\/, '($1) $2-$3');\n    } else if (value.length > 5) {\n      value = value.replace(\/(\\d{2})(\\d{4})(\\d{0,4})\/, '($1) $2-$3');\n    } else if (value.length > 2) {\n      value = value.replace(\/(\\d{2})(\\d{0,5})\/, '($1) $2');\n    } else {\n      value = value.replace(\/(\\d*)\/, '($1');\n    }\n    return value;\n  }\n\n  phoneInputs.forEach(function(input) {\n    input.setAttribute('maxlength', '15');\n    input.addEventListener('input', function(e) {\n      e.target.value = maskPhone(e.target.value);\n    });\n  });\n});\n<\/script>\n\n<\/div>\n\t\t\t\t\t\t<\/div>\n\t\t\t\t<\/div>\n\t\t\t\t<div class=\"elementor-element elementor-element-97137ca elementor-widget elementor-widget-html\" data-id=\"97137ca\" data-element_type=\"widget\" data-widget_type=\"html.default\">\n\t\t\t\t<div class=\"elementor-widget-container\">\n\t\t\t\t\t<script>\ndocument.addEventListener('DOMContentLoaded', function () {\n  function initCaptcha(wrapper) {\n    const eq  = wrapper.querySelector('.captcha-equacao');\n    const hid = wrapper.querySelector('.captcha-resultado');\n    const inp = wrapper.querySelector('.captcha-resposta');\n    if (!eq || !hid || !inp) return;\n\n \n    function gerar() {\n      const n1 = Math.floor(Math.random() * 10) + 1;\n      const n2 = Math.floor(Math.random() * 10) + 1;\n      eq.textContent = `${n1} + ${n2}`;\n      hid.value = n1 + n2;\n    }\n    gerar();\n\n\n    inp.addEventListener('input', function () {\n      const tip = wrapper.querySelector('.wpcf7-not-valid-tip');\n      if (tip) tip.remove();\n      inp.classList.remove('wpcf7-not-valid');\n      inp.removeAttribute('aria-invalid');\n    });\n\n\n    const form = wrapper.closest('form.wpcf7-form');\n    if (form) {\n      form.addEventListener('submit', function (e) {\n        const u = parseInt(inp.value, 10);\n        const c = parseInt(hid.value, 10);\n\n  \n        const tipOld = wrapper.querySelector('.wpcf7-not-valid-tip');\n        if (tipOld) tipOld.remove();\n\n        if (isNaN(u) || u !== c) {\n          e.preventDefault(); \n          e.stopImmediatePropagation();\n\n  \n          inp.classList.add('wpcf7-not-valid');\n          inp.setAttribute('aria-invalid', 'true');\n\n          const tip = document.createElement('span');\n          tip.className = 'wpcf7-not-valid-tip';\n          tip.textContent = 'Resposta incorreta. Tente novamente.';\n          inp.insertAdjacentElement('afterend', tip);\n\n          gerar(); \n        }\n      }, true);\n    }\n\n \n    document.addEventListener('wpcf7reset', gerar);\n  }\n\n  function boot() {\n    document.querySelectorAll('.captcha-form').forEach(initCaptcha);\n  }\n\n  document.addEventListener('wpcf7DOMContentLoaded', boot);\n  boot();\n\n});\n<\/script>\n\t\t\t\t<\/div>\n\t\t\t\t<\/div>\n\t\t\t\t<\/div>\n\t\t\t\t\t<\/div>\n\t\t\t\t<\/div>\n\t\t\t\t<\/div>\n\t\t\t\t<\/div>","protected":false},"excerpt":{"rendered":"<p>Vamos construir juntos a pr\u00f3xima grande ideia? Fale conosco e descubra como podemos transformar o seu neg\u00f3cio hoje.<\/p>","protected":false},"author":2,"featured_media":0,"parent":0,"menu_order":0,"comment_status":"closed","ping_status":"closed","template":"","meta":{"_acf_changed":false,"footnotes":""},"class_list":["post-20","page","type-page","status-publish","hentry"],"acf":[],"yoast_head":"<!-- This site is optimized with the Yoast SEO plugin v27.2 - https:\/\/yoast.com\/product\/yoast-seo-wordpress\/ -->\n<title>Contato - No\u00fbs<\/title>\n<meta name=\"robots\" content=\"index, follow, max-snippet:-1, max-image-preview:large, max-video-preview:-1\" \/>\n<link rel=\"canonical\" href=\"https:\/\/nous.biz\/en\/contato\/\" \/>\n<meta property=\"og:locale\" content=\"en_US\" \/>\n<meta property=\"og:type\" content=\"article\" \/>\n<meta property=\"og:title\" content=\"Contato - No\u00fbs\" \/>\n<meta property=\"og:description\" content=\"Vamos construir juntos a pr\u00f3xima grande ideia? Fale conosco e descubra como podemos transformar o seu neg\u00f3cio hoje.\" \/>\n<meta property=\"og:url\" content=\"https:\/\/nous.biz\/en\/contato\/\" \/>\n<meta property=\"og:site_name\" content=\"No\u00fbs\" \/>\n<meta property=\"article:modified_time\" content=\"2026-01-16T18:28:48+00:00\" \/>\n<meta name=\"twitter:card\" content=\"summary_large_image\" \/>\n<meta name=\"twitter:label1\" content=\"Est. reading time\" \/>\n\t<meta name=\"twitter:data1\" content=\"1 minute\" \/>\n<script type=\"application\/ld+json\" class=\"yoast-schema-graph\">{\"@context\":\"https:\/\/schema.org\",\"@graph\":[{\"@type\":\"WebPage\",\"@id\":\"https:\/\/nous.biz\/contato\/\",\"url\":\"https:\/\/nous.biz\/contato\/\",\"name\":\"Contato - No\u00fbs\",\"isPartOf\":{\"@id\":\"https:\/\/nous.biz\/#website\"},\"datePublished\":\"2025-03-30T16:51:24+00:00\",\"dateModified\":\"2026-01-16T18:28:48+00:00\",\"breadcrumb\":{\"@id\":\"https:\/\/nous.biz\/contato\/#breadcrumb\"},\"inLanguage\":\"en-US\",\"potentialAction\":[{\"@type\":\"ReadAction\",\"target\":[\"https:\/\/nous.biz\/contato\/\"]}]},{\"@type\":\"BreadcrumbList\",\"@id\":\"https:\/\/nous.biz\/contato\/#breadcrumb\",\"itemListElement\":[{\"@type\":\"ListItem\",\"position\":1,\"name\":\"In\u00edcio\",\"item\":\"https:\/\/nous.biz\/\"},{\"@type\":\"ListItem\",\"position\":2,\"name\":\"Contato\"}]},{\"@type\":\"WebSite\",\"@id\":\"https:\/\/nous.biz\/#website\",\"url\":\"https:\/\/nous.biz\/\",\"name\":\"No\u00fbs\",\"description\":\"\",\"publisher\":{\"@id\":\"https:\/\/nous.biz\/#organization\"},\"potentialAction\":[{\"@type\":\"SearchAction\",\"target\":{\"@type\":\"EntryPoint\",\"urlTemplate\":\"https:\/\/nous.biz\/?s={search_term_string}\"},\"query-input\":{\"@type\":\"PropertyValueSpecification\",\"valueRequired\":true,\"valueName\":\"search_term_string\"}}],\"inLanguage\":\"en-US\"},{\"@type\":\"Organization\",\"@id\":\"https:\/\/nous.biz\/#organization\",\"name\":\"No\u00fbs\",\"url\":\"https:\/\/nous.biz\/\",\"logo\":{\"@type\":\"ImageObject\",\"inLanguage\":\"en-US\",\"@id\":\"https:\/\/nous.biz\/#\/schema\/logo\/image\/\",\"url\":\"https:\/\/nous.biz\/wp-content\/uploads\/2025\/03\/logo-nous.svg\",\"contentUrl\":\"https:\/\/nous.biz\/wp-content\/uploads\/2025\/03\/logo-nous.svg\",\"width\":127,\"height\":43,\"caption\":\"No\u00fbs\"},\"image\":{\"@id\":\"https:\/\/nous.biz\/#\/schema\/logo\/image\/\"}}]}<\/script>\n<!-- \/ Yoast SEO plugin. -->","yoast_head_json":{"title":"Contato - No\u00fbs","robots":{"index":"index","follow":"follow","max-snippet":"max-snippet:-1","max-image-preview":"max-image-preview:large","max-video-preview":"max-video-preview:-1"},"canonical":"https:\/\/nous.biz\/en\/contato\/","og_locale":"en_US","og_type":"article","og_title":"Contato - No\u00fbs","og_description":"Vamos construir juntos a pr\u00f3xima grande ideia? Fale conosco e descubra como podemos transformar o seu neg\u00f3cio hoje.","og_url":"https:\/\/nous.biz\/en\/contato\/","og_site_name":"No\u00fbs","article_modified_time":"2026-01-16T18:28:48+00:00","twitter_card":"summary_large_image","twitter_misc":{"Est. reading time":"1 minute"},"schema":{"@context":"https:\/\/schema.org","@graph":[{"@type":"WebPage","@id":"https:\/\/nous.biz\/contato\/","url":"https:\/\/nous.biz\/contato\/","name":"Contato - No\u00fbs","isPartOf":{"@id":"https:\/\/nous.biz\/#website"},"datePublished":"2025-03-30T16:51:24+00:00","dateModified":"2026-01-16T18:28:48+00:00","breadcrumb":{"@id":"https:\/\/nous.biz\/contato\/#breadcrumb"},"inLanguage":"en-US","potentialAction":[{"@type":"ReadAction","target":["https:\/\/nous.biz\/contato\/"]}]},{"@type":"BreadcrumbList","@id":"https:\/\/nous.biz\/contato\/#breadcrumb","itemListElement":[{"@type":"ListItem","position":1,"name":"In\u00edcio","item":"https:\/\/nous.biz\/"},{"@type":"ListItem","position":2,"name":"Contato"}]},{"@type":"WebSite","@id":"https:\/\/nous.biz\/#website","url":"https:\/\/nous.biz\/","name":"No\u00fbs","description":"","publisher":{"@id":"https:\/\/nous.biz\/#organization"},"potentialAction":[{"@type":"SearchAction","target":{"@type":"EntryPoint","urlTemplate":"https:\/\/nous.biz\/?s={search_term_string}"},"query-input":{"@type":"PropertyValueSpecification","valueRequired":true,"valueName":"search_term_string"}}],"inLanguage":"en-US"},{"@type":"Organization","@id":"https:\/\/nous.biz\/#organization","name":"No\u00fbs","url":"https:\/\/nous.biz\/","logo":{"@type":"ImageObject","inLanguage":"en-US","@id":"https:\/\/nous.biz\/#\/schema\/logo\/image\/","url":"https:\/\/nous.biz\/wp-content\/uploads\/2025\/03\/logo-nous.svg","contentUrl":"https:\/\/nous.biz\/wp-content\/uploads\/2025\/03\/logo-nous.svg","width":127,"height":43,"caption":"No\u00fbs"},"image":{"@id":"https:\/\/nous.biz\/#\/schema\/logo\/image\/"}}]}},"_links":{"self":[{"href":"https:\/\/nous.biz\/en\/wp-json\/wp\/v2\/pages\/20","targetHints":{"allow":["GET"]}}],"collection":[{"href":"https:\/\/nous.biz\/en\/wp-json\/wp\/v2\/pages"}],"about":[{"href":"https:\/\/nous.biz\/en\/wp-json\/wp\/v2\/types\/page"}],"author":[{"embeddable":true,"href":"https:\/\/nous.biz\/en\/wp-json\/wp\/v2\/users\/2"}],"replies":[{"embeddable":true,"href":"https:\/\/nous.biz\/en\/wp-json\/wp\/v2\/comments?post=20"}],"version-history":[{"count":93,"href":"https:\/\/nous.biz\/en\/wp-json\/wp\/v2\/pages\/20\/revisions"}],"predecessor-version":[{"id":3114,"href":"https:\/\/nous.biz\/en\/wp-json\/wp\/v2\/pages\/20\/revisions\/3114"}],"wp:attachment":[{"href":"https:\/\/nous.biz\/en\/wp-json\/wp\/v2\/media?parent=20"}],"curies":[{"name":"wp","href":"https:\/\/api.w.org\/{rel}","templated":true}]}}