{"id":16,"date":"2025-03-30T13:51:10","date_gmt":"2025-03-30T16:51:10","guid":{"rendered":"https:\/\/nous.biz\/?page_id=16"},"modified":"2026-01-20T13:57:05","modified_gmt":"2026-01-20T16:57:05","slug":"clientes","status":"publish","type":"page","link":"https:\/\/nous.biz\/en\/clientes\/","title":{"rendered":"Clients"},"content":{"rendered":"<div data-elementor-type=\"wp-page\" data-elementor-id=\"16\" class=\"elementor elementor-16\" data-elementor-post-type=\"page\">\n\t\t\t\t<div class=\"elementor-element elementor-element-dfff3b7 e-con-full e-flex e-con e-parent\" data-id=\"dfff3b7\" data-element_type=\"container\" data-settings=\"{&quot;background_background&quot;:&quot;classic&quot;}\">\n\t\t<div class=\"elementor-element elementor-element-b80894d e-con-full e-flex e-con e-child\" data-id=\"b80894d\" data-element_type=\"container\">\n\t\t\t\t<div class=\"elementor-element elementor-element-c059714 elementor-absolute elementor-widget elementor-widget-heading\" data-id=\"c059714\" data-element_type=\"widget\" data-settings=\"{&quot;_position&quot;:&quot;absolute&quot;}\" data-widget_type=\"heading.default\">\n\t\t\t\t<div class=\"elementor-widget-container\">\n\t\t\t\t\t<h1 class=\"elementor-heading-title elementor-size-default\">Clients<\/h1>\t\t\t\t<\/div>\n\t\t\t\t<\/div>\n\t\t\t\t<div class=\"elementor-element elementor-element-50fb9e5 elementor-widget__width-initial elementor-invisible elementor-widget elementor-widget-heading\" data-id=\"50fb9e5\" data-element_type=\"widget\" data-settings=\"{&quot;_animation&quot;:&quot;fadeInUp&quot;}\" data-widget_type=\"heading.default\">\n\t\t\t\t<div class=\"elementor-widget-container\">\n\t\t\t\t\t<h2 class=\"elementor-heading-title elementor-size-default\">Companies<br>\nthat trust<\/h2>\t\t\t\t<\/div>\n\t\t\t\t<\/div>\n\t\t\t\t<div class=\"elementor-element elementor-element-c2ad28a elementor-widget__width-initial elementor-invisible elementor-widget elementor-widget-text-editor\" data-id=\"c2ad28a\" data-element_type=\"widget\" data-settings=\"{&quot;_animation&quot;:&quot;fadeInUp&quot;,&quot;_animation_delay&quot;:100}\" data-widget_type=\"text-editor.default\">\n\t\t\t\t<div class=\"elementor-widget-container\">\n\t\t\t\t\t\t\t\t\t<p>Our deliverables combine technical excellence and strategic vision, generating results that strengthen long-term partnerships. More than clients, they are organizations that share our commitment to genuine innovation and real digital transformation.<\/p>\t\t\t\t\t\t\t\t<\/div>\n\t\t\t\t<\/div>\n\t\t\t\t<\/div>\n\t\t<div class=\"elementor-element elementor-element-7536ab3 e-con-full e-flex e-con e-child\" data-id=\"7536ab3\" data-element_type=\"container\">\n\t\t\t\t<div class=\"elementor-element elementor-element-3bf637b elementor-widget__width-inherit elementor-widget elementor-widget-shortcode\" data-id=\"3bf637b\" data-element_type=\"widget\" data-widget_type=\"shortcode.default\">\n\t\t\t\t<div class=\"elementor-widget-container\">\n\t\t\t\t\t\t\t<div class=\"elementor-shortcode\">\n    <div id=\"objeto_3d_69dc4ad3bbb34\" class=\"objeto3d-container-06\"><\/div>\n\n    <style>\n        .objeto3d-container-06 {\n            width: 100%;\n            max-width: 1100px;\n            height: 800px;\n            margin: 0 auto;\n        }\n\t\t@media (max-width: 1500px) {\n            .objeto3d-container-06 {\n                height: 600px;\n            }\n        }\n        @media (max-width: 768px) {\n            .objeto3d-container-06 {\n                height: 35vh;\n                max-height: 330px;\n            }\n        }\n\n        @media (max-width: 480px) {\n            .objeto3d-container-06 {\n                height: 40vh;\n                max-height: 420px;\n            }\n        }\n    <\/style>\n\n    <script>\n    (function() {\n      function boot() {\n\n        const container = document.getElementById('objeto_3d_69dc4ad3bbb34');\n        if (!container || typeof THREE === 'undefined') return;\n\n        \/\/ CENA\n        const scene = new THREE.Scene();\n\n        \/\/ C\u00c2MERA RESPONSIVA\n        function createResponsiveCamera() {\n            const w = container.clientWidth;\n\n            let fov = 48;\n            let zPos = 15;\n\n            if (w < 480) {\n                fov = 55;\n                zPos = 17;\n            } else if (w < 768) {\n                fov = 50;\n                zPos = 16;\n            } else if (w < 1500) {\n                fov = 60;\n                zPos = 16;\n            }\n\n            const cam = new THREE.PerspectiveCamera(\n                fov,\n                container.clientWidth \/ container.clientHeight,\n                0.1,\n                1000\n            );\n            cam.position.z = zPos;\n            return cam;\n        }\n\n        let camera = createResponsiveCamera();\n\n        \/\/ RENDERER\n        const renderer = new THREE.WebGLRenderer({ antialias: true, alpha: true });\n        renderer.setSize(container.clientWidth, container.clientHeight);\n        renderer.setClearColor(0x000000, 0);\n        container.appendChild(renderer.domElement);\n\n        \/\/ GEOMETRIAS\n        const torusGeo = new THREE.TorusGeometry(4, 2, 17, 24);\n\n        const solidMaterial = new THREE.MeshBasicMaterial({\n          color: 0x000000,\n          transparent: true,\n          opacity: 1,\n          side: THREE.DoubleSide\n        });\n        const solidTorus = new THREE.Mesh(torusGeo, solidMaterial);\n\n        const edges = new THREE.EdgesGeometry(torusGeo);\n        const wireTorus = new THREE.LineSegments(\n          edges,\n          new THREE.LineBasicMaterial({ color: 0x0000ff })\n        );\n\n        const glow = new THREE.LineSegments(\n          edges,\n          new THREE.LineBasicMaterial({\n            color: 0x0000ff,\n            transparent: true,\n            opacity: 1\n          })\n        );\n        glow.scale.multiplyScalar(1.01);\n\n        \/\/ GRUPO\n        const torusGroup = new THREE.Group();\n        torusGroup.add(solidTorus);\n        torusGroup.add(wireTorus);\n        torusGroup.add(glow);\n\n        torusGroup.rotation.set(Math.PI \/ 1.3, Math.PI \/ 1.2, Math.PI);\n\n        scene.add(torusGroup);\n\n        \/\/ INTERA\u00c7\u00c3O\n        let lastX = null, lastY = null;\n        const sensitivity = 0.0008;\n        let interacting = false;\n        let hover = false;\n        let stopTimeout;\n\n        container.addEventListener(\"mouseenter\", () => {\n            hover = true;\n            container.style.cursor = \"grabbing\";\n        });\n        container.addEventListener(\"mouseleave\", () => {\n            hover = false;\n            container.style.cursor = \"grab\";\n            interacting = false;\n        });\n\n        container.addEventListener(\"mousemove\", (e) => {\n            if (!hover) return;\n\n            if (lastX !== null) {\n                torusGroup.rotation.y += (e.clientX - lastX) * sensitivity;\n                torusGroup.rotation.x += (e.clientY - lastY) * sensitivity;\n\n                interacting = true;\n                clearTimeout(stopTimeout);\n                stopTimeout = setTimeout(() => interacting = false, 800);\n            }\n            lastX = e.clientX;\n            lastY = e.clientY;\n        });\n\n        \/\/ ANIMA\u00c7\u00c3O\n        function animate() {\n          requestAnimationFrame(animate);\n\n          if (!interacting) {\n            torusGroup.rotation.y += 0.002;\n            torusGroup.rotation.x += 0.001;\n          }\n\n          renderer.render(scene, camera);\n        }\n        animate();\n\n        \/\/ RESIZE\n        window.addEventListener(\"resize\", () => {\n            renderer.setSize(container.clientWidth, container.clientHeight);\n\n            const newCam = createResponsiveCamera();\n            camera.fov = newCam.fov;\n            camera.position.copy(newCam.position);\n            camera.aspect = container.clientWidth \/ container.clientHeight;\n            camera.updateProjectionMatrix();\n        });\n\n      }\n\n      if (document.readyState === \"loading\")\n        document.addEventListener(\"DOMContentLoaded\", boot);\n      else\n        boot();\n    })();\n    <\/script>\n\n    <\/div>\n\t\t\t\t\t\t<\/div>\n\t\t\t\t<\/div>\n\t\t\t\t<\/div>\n\t\t\t\t<div class=\"elementor-element elementor-element-dfacb0c elementor-absolute elementor-view-default elementor-widget elementor-widget-icon\" data-id=\"dfacb0c\" data-element_type=\"widget\" data-settings=\"{&quot;_position&quot;:&quot;absolute&quot;}\" data-widget_type=\"icon.default\">\n\t\t\t\t<div class=\"elementor-widget-container\">\n\t\t\t\t\t\t\t<div class=\"elementor-icon-wrapper\">\n\t\t\t<a class=\"elementor-icon\" href=\"#clientes\">\n\t\t\t<svg xmlns=\"http:\/\/www.w3.org\/2000\/svg\" width=\"13.223\" height=\"32\" viewbox=\"0 0 13.223 32\"><path id=\"Caminho_744\" data-name=\"Caminho 744\" d=\"M48,1023.975a1.583,1.583,0,0,0-.382-.971l-4.729-5.2a1.617,1.617,0,0,0-2.059-.118,1.471,1.471,0,0,0,.015,2.059l2.494,2.818H17.412a1.412,1.412,0,1,0,0,2.823H43.338l-2.494,2.818a1.555,1.555,0,0,0-.015,2.059,1.6,1.6,0,0,0,2.059-.118l4.729-5.2a1.358,1.358,0,0,0,.382-.971Z\" transform=\"translate(1030.589 -16) rotate(90)\" fill=\"#5cf7d3\"><\/path><\/svg>\t\t\t<\/a>\n\t\t<\/div>\n\t\t\t\t\t\t<\/div>\n\t\t\t\t<\/div>\n\t\t\t\t<\/div>\n\t\t<div class=\"elementor-element elementor-element-150293d e-grid e-con-full e-con e-parent\" data-id=\"150293d\" data-element_type=\"container\" id=\"clientes\" data-settings=\"{&quot;background_background&quot;:&quot;gradient&quot;}\">\n\t\t\t\t<div class=\"elementor-element elementor-element-94102f8 elementor-widget elementor-widget-image\" data-id=\"94102f8\" data-element_type=\"widget\" data-widget_type=\"image.default\">\n\t\t\t\t<div class=\"elementor-widget-container\">\n\t\t\t\t\t\t\t\t\t\t\t\t\t\t\t<img decoding=\"async\" width=\"146\" height=\"50\" src=\"https:\/\/nous.biz\/wp-content\/uploads\/2025\/03\/via-aroma.webp\" class=\"elementor-animation-grow attachment-large size-large wp-image-40\" alt=\"\" \/>\t\t\t\t\t\t\t\t\t\t\t\t\t\t\t<\/div>\n\t\t\t\t<\/div>\n\t\t\t\t<div class=\"elementor-element elementor-element-25f22fb elementor-widget elementor-widget-image\" data-id=\"25f22fb\" data-element_type=\"widget\" data-widget_type=\"image.default\">\n\t\t\t\t<div class=\"elementor-widget-container\">\n\t\t\t\t\t\t\t\t\t\t\t\t\t\t\t<img decoding=\"async\" width=\"126\" height=\"31\" src=\"https:\/\/nous.biz\/wp-content\/uploads\/2025\/03\/ambev.webp\" class=\"elementor-animation-grow attachment-large size-large wp-image-41\" alt=\"\" \/>\t\t\t\t\t\t\t\t\t\t\t\t\t\t\t<\/div>\n\t\t\t\t<\/div>\n\t\t\t\t<div class=\"elementor-element elementor-element-62647b7 elementor-widget elementor-widget-image\" data-id=\"62647b7\" data-element_type=\"widget\" data-widget_type=\"image.default\">\n\t\t\t\t<div class=\"elementor-widget-container\">\n\t\t\t\t\t\t\t\t\t\t\t\t\t\t\t<img decoding=\"async\" width=\"139\" height=\"44\" src=\"https:\/\/nous.biz\/wp-content\/uploads\/2025\/03\/danone.webp\" class=\"elementor-animation-grow attachment-large size-large wp-image-42\" alt=\"\" \/>\t\t\t\t\t\t\t\t\t\t\t\t\t\t\t<\/div>\n\t\t\t\t<\/div>\n\t\t\t\t<div class=\"elementor-element elementor-element-6353afa elementor-widget elementor-widget-image\" data-id=\"6353afa\" data-element_type=\"widget\" data-widget_type=\"image.default\">\n\t\t\t\t<div class=\"elementor-widget-container\">\n\t\t\t\t\t\t\t\t\t\t\t\t\t\t\t<img loading=\"lazy\" decoding=\"async\" width=\"122\" height=\"36\" src=\"https:\/\/nous.biz\/wp-content\/uploads\/2025\/03\/mont.webp\" class=\"elementor-animation-grow attachment-large size-large wp-image-43\" alt=\"\" \/>\t\t\t\t\t\t\t\t\t\t\t\t\t\t\t<\/div>\n\t\t\t\t<\/div>\n\t\t\t\t<div class=\"elementor-element elementor-element-1ba38bf elementor-widget elementor-widget-image\" data-id=\"1ba38bf\" data-element_type=\"widget\" data-widget_type=\"image.default\">\n\t\t\t\t<div class=\"elementor-widget-container\">\n\t\t\t\t\t\t\t\t\t\t\t\t\t\t\t<img loading=\"lazy\" decoding=\"async\" width=\"119\" height=\"31\" src=\"https:\/\/nous.biz\/wp-content\/uploads\/2025\/03\/sanofi.webp\" class=\"elementor-animation-grow attachment-large size-large wp-image-44\" alt=\"\" \/>\t\t\t\t\t\t\t\t\t\t\t\t\t\t\t<\/div>\n\t\t\t\t<\/div>\n\t\t\t\t<div class=\"elementor-element elementor-element-8b58167 elementor-widget elementor-widget-image\" data-id=\"8b58167\" data-element_type=\"widget\" data-widget_type=\"image.default\">\n\t\t\t\t<div class=\"elementor-widget-container\">\n\t\t\t\t\t\t\t\t\t\t\t\t\t\t\t<img loading=\"lazy\" decoding=\"async\" width=\"138\" height=\"62\" src=\"https:\/\/nous.biz\/wp-content\/uploads\/2025\/03\/syneos.webp\" class=\"elementor-animation-grow attachment-large size-large wp-image-45\" alt=\"\" \/>\t\t\t\t\t\t\t\t\t\t\t\t\t\t\t<\/div>\n\t\t\t\t<\/div>\n\t\t\t\t<div class=\"elementor-element elementor-element-66547c6 elementor-widget elementor-widget-image\" data-id=\"66547c6\" data-element_type=\"widget\" data-widget_type=\"image.default\">\n\t\t\t\t<div class=\"elementor-widget-container\">\n\t\t\t\t\t\t\t\t\t\t\t\t\t\t\t<img loading=\"lazy\" decoding=\"async\" width=\"78\" height=\"78\" src=\"https:\/\/nous.biz\/wp-content\/uploads\/2025\/04\/Exclusao-1.png\" class=\"elementor-animation-grow attachment-large size-large wp-image-348\" alt=\"\" \/>\t\t\t\t\t\t\t\t\t\t\t\t\t\t\t<\/div>\n\t\t\t\t<\/div>\n\t\t\t\t<div class=\"elementor-element elementor-element-ec005f5 elementor-widget elementor-widget-image\" data-id=\"ec005f5\" data-element_type=\"widget\" data-widget_type=\"image.default\">\n\t\t\t\t<div class=\"elementor-widget-container\">\n\t\t\t\t\t\t\t\t\t\t\t\t\t\t\t<img loading=\"lazy\" decoding=\"async\" width=\"141\" height=\"48\" src=\"https:\/\/nous.biz\/wp-content\/uploads\/2025\/04\/logo-share.png\" class=\"elementor-animation-grow attachment-large size-large wp-image-349\" alt=\"\" \/>\t\t\t\t\t\t\t\t\t\t\t\t\t\t\t<\/div>\n\t\t\t\t<\/div>\n\t\t\t\t<div class=\"elementor-element elementor-element-39e08af elementor-widget elementor-widget-image\" data-id=\"39e08af\" data-element_type=\"widget\" data-widget_type=\"image.default\">\n\t\t\t\t<div class=\"elementor-widget-container\">\n\t\t\t\t\t\t\t\t\t\t\t\t\t\t\t<img loading=\"lazy\" decoding=\"async\" width=\"139\" height=\"32\" src=\"https:\/\/nous.biz\/wp-content\/uploads\/2025\/04\/dragonsgroup-logo.png\" class=\"elementor-animation-grow attachment-large size-large wp-image-350\" alt=\"\" \/>\t\t\t\t\t\t\t\t\t\t\t\t\t\t\t<\/div>\n\t\t\t\t<\/div>\n\t\t\t\t<div class=\"elementor-element elementor-element-2108c42 elementor-widget elementor-widget-image\" data-id=\"2108c42\" data-element_type=\"widget\" data-widget_type=\"image.default\">\n\t\t\t\t<div class=\"elementor-widget-container\">\n\t\t\t\t\t\t\t\t\t\t\t\t\t\t\t<img loading=\"lazy\" decoding=\"async\" width=\"177\" height=\"34\" src=\"https:\/\/nous.biz\/wp-content\/uploads\/2025\/04\/reframe-logo1.png\" class=\"elementor-animation-grow attachment-large size-large wp-image-351\" alt=\"\" \/>\t\t\t\t\t\t\t\t\t\t\t\t\t\t\t<\/div>\n\t\t\t\t<\/div>\n\t\t\t\t<div class=\"elementor-element elementor-element-0655aff elementor-widget elementor-widget-image\" data-id=\"0655aff\" data-element_type=\"widget\" data-widget_type=\"image.default\">\n\t\t\t\t<div class=\"elementor-widget-container\">\n\t\t\t\t\t\t\t\t\t\t\t\t\t\t\t<img loading=\"lazy\" decoding=\"async\" width=\"95\" height=\"38\" src=\"https:\/\/nous.biz\/wp-content\/uploads\/2025\/04\/cist-logo.png\" class=\"elementor-animation-grow attachment-large size-large wp-image-352\" alt=\"\" \/>\t\t\t\t\t\t\t\t\t\t\t\t\t\t\t<\/div>\n\t\t\t\t<\/div>\n\t\t\t\t<div class=\"elementor-element elementor-element-62db1c2 elementor-widget elementor-widget-image\" data-id=\"62db1c2\" data-element_type=\"widget\" data-widget_type=\"image.default\">\n\t\t\t\t<div class=\"elementor-widget-container\">\n\t\t\t\t\t\t\t\t\t\t\t\t\t\t\t<img loading=\"lazy\" decoding=\"async\" width=\"88\" height=\"42\" src=\"https:\/\/nous.biz\/wp-content\/uploads\/2025\/04\/Cyphr-logo.png\" class=\"elementor-animation-grow attachment-large size-large wp-image-353\" alt=\"\" \/>\t\t\t\t\t\t\t\t\t\t\t\t\t\t\t<\/div>\n\t\t\t\t<\/div>\n\t\t\t\t<\/div>\n\t\t\t\t<\/div>","protected":false},"excerpt":{"rendered":"<p>Empresas que confiam Nossas entregas combinam excel\u00eancia t\u00e9cnica e vis\u00e3o estrat\u00e9gica, gerando resultados que fortalecem parcerias de longo prazo, mais que clientes, s\u00e3o organiza\u00e7\u00f5es que compartilham nosso compromisso com a inova\u00e7\u00e3o e a transforma\u00e7\u00e3o digital de verdade.<\/p>","protected":false},"author":2,"featured_media":0,"parent":0,"menu_order":0,"comment_status":"closed","ping_status":"closed","template":"","meta":{"_acf_changed":false,"footnotes":""},"class_list":["post-16","page","type-page","status-publish","hentry"],"acf":[],"yoast_head":"<!-- This site is optimized with the Yoast SEO plugin v27.2 - https:\/\/yoast.com\/product\/yoast-seo-wordpress\/ -->\n<title>Clientes - No\u00fbs<\/title>\n<meta name=\"robots\" content=\"index, follow, max-snippet:-1, max-image-preview:large, max-video-preview:-1\" \/>\n<link rel=\"canonical\" href=\"https:\/\/nous.biz\/en\/clientes\/\" \/>\n<meta property=\"og:locale\" content=\"en_US\" \/>\n<meta property=\"og:type\" content=\"article\" \/>\n<meta property=\"og:title\" content=\"Clientes - No\u00fbs\" \/>\n<meta property=\"og:description\" content=\"Empresas que confiam Nossas entregas combinam excel\u00eancia t\u00e9cnica e vis\u00e3o estrat\u00e9gica, gerando resultados que fortalecem parcerias de longo prazo, mais que clientes, s\u00e3o organiza\u00e7\u00f5es que compartilham nosso compromisso com a inova\u00e7\u00e3o e a transforma\u00e7\u00e3o digital de verdade.\" \/>\n<meta property=\"og:url\" content=\"https:\/\/nous.biz\/en\/clientes\/\" \/>\n<meta property=\"og:site_name\" content=\"No\u00fbs\" \/>\n<meta property=\"article:modified_time\" content=\"2026-01-20T16:57:05+00:00\" \/>\n<meta property=\"og:image\" content=\"https:\/\/nous.biz\/wp-content\/uploads\/2025\/03\/via-aroma.webp\" \/>\n\t<meta property=\"og:image:width\" content=\"146\" \/>\n\t<meta property=\"og:image:height\" content=\"50\" \/>\n\t<meta property=\"og:image:type\" content=\"image\/webp\" \/>\n<meta name=\"twitter:card\" content=\"summary_large_image\" \/>\n<meta name=\"twitter:label1\" content=\"Est. reading time\" \/>\n\t<meta name=\"twitter:data1\" content=\"3 minutes\" \/>\n<script type=\"application\/ld+json\" class=\"yoast-schema-graph\">{\"@context\":\"https:\/\/schema.org\",\"@graph\":[{\"@type\":\"WebPage\",\"@id\":\"https:\/\/nous.biz\/clientes\/\",\"url\":\"https:\/\/nous.biz\/clientes\/\",\"name\":\"Clientes - No\u00fbs\",\"isPartOf\":{\"@id\":\"https:\/\/nous.biz\/#website\"},\"primaryImageOfPage\":{\"@id\":\"https:\/\/nous.biz\/clientes\/#primaryimage\"},\"image\":{\"@id\":\"https:\/\/nous.biz\/clientes\/#primaryimage\"},\"thumbnailUrl\":\"https:\/\/nous.biz\/wp-content\/uploads\/2025\/03\/via-aroma.webp\",\"datePublished\":\"2025-03-30T16:51:10+00:00\",\"dateModified\":\"2026-01-20T16:57:05+00:00\",\"breadcrumb\":{\"@id\":\"https:\/\/nous.biz\/clientes\/#breadcrumb\"},\"inLanguage\":\"en-US\",\"potentialAction\":[{\"@type\":\"ReadAction\",\"target\":[\"https:\/\/nous.biz\/clientes\/\"]}]},{\"@type\":\"ImageObject\",\"inLanguage\":\"en-US\",\"@id\":\"https:\/\/nous.biz\/clientes\/#primaryimage\",\"url\":\"https:\/\/nous.biz\/wp-content\/uploads\/2025\/03\/via-aroma.webp\",\"contentUrl\":\"https:\/\/nous.biz\/wp-content\/uploads\/2025\/03\/via-aroma.webp\"},{\"@type\":\"BreadcrumbList\",\"@id\":\"https:\/\/nous.biz\/clientes\/#breadcrumb\",\"itemListElement\":[{\"@type\":\"ListItem\",\"position\":1,\"name\":\"In\u00edcio\",\"item\":\"https:\/\/nous.biz\/\"},{\"@type\":\"ListItem\",\"position\":2,\"name\":\"Clientes\"}]},{\"@type\":\"WebSite\",\"@id\":\"https:\/\/nous.biz\/#website\",\"url\":\"https:\/\/nous.biz\/\",\"name\":\"No\u00fbs\",\"description\":\"\",\"publisher\":{\"@id\":\"https:\/\/nous.biz\/#organization\"},\"potentialAction\":[{\"@type\":\"SearchAction\",\"target\":{\"@type\":\"EntryPoint\",\"urlTemplate\":\"https:\/\/nous.biz\/?s={search_term_string}\"},\"query-input\":{\"@type\":\"PropertyValueSpecification\",\"valueRequired\":true,\"valueName\":\"search_term_string\"}}],\"inLanguage\":\"en-US\"},{\"@type\":\"Organization\",\"@id\":\"https:\/\/nous.biz\/#organization\",\"name\":\"No\u00fbs\",\"url\":\"https:\/\/nous.biz\/\",\"logo\":{\"@type\":\"ImageObject\",\"inLanguage\":\"en-US\",\"@id\":\"https:\/\/nous.biz\/#\/schema\/logo\/image\/\",\"url\":\"https:\/\/nous.biz\/wp-content\/uploads\/2025\/03\/logo-nous.svg\",\"contentUrl\":\"https:\/\/nous.biz\/wp-content\/uploads\/2025\/03\/logo-nous.svg\",\"width\":127,\"height\":43,\"caption\":\"No\u00fbs\"},\"image\":{\"@id\":\"https:\/\/nous.biz\/#\/schema\/logo\/image\/\"}}]}<\/script>\n<!-- \/ Yoast SEO plugin. -->","yoast_head_json":{"title":"Clientes - No\u00fbs","robots":{"index":"index","follow":"follow","max-snippet":"max-snippet:-1","max-image-preview":"max-image-preview:large","max-video-preview":"max-video-preview:-1"},"canonical":"https:\/\/nous.biz\/en\/clientes\/","og_locale":"en_US","og_type":"article","og_title":"Clientes - No\u00fbs","og_description":"Empresas que confiam Nossas entregas combinam excel\u00eancia t\u00e9cnica e vis\u00e3o estrat\u00e9gica, gerando resultados que fortalecem parcerias de longo prazo, mais que clientes, s\u00e3o organiza\u00e7\u00f5es que compartilham nosso compromisso com a inova\u00e7\u00e3o e a transforma\u00e7\u00e3o digital de verdade.","og_url":"https:\/\/nous.biz\/en\/clientes\/","og_site_name":"No\u00fbs","article_modified_time":"2026-01-20T16:57:05+00:00","og_image":[{"width":146,"height":50,"url":"https:\/\/nous.biz\/wp-content\/uploads\/2025\/03\/via-aroma.webp","type":"image\/webp"}],"twitter_card":"summary_large_image","twitter_misc":{"Est. reading time":"3 minutes"},"schema":{"@context":"https:\/\/schema.org","@graph":[{"@type":"WebPage","@id":"https:\/\/nous.biz\/clientes\/","url":"https:\/\/nous.biz\/clientes\/","name":"Clientes - No\u00fbs","isPartOf":{"@id":"https:\/\/nous.biz\/#website"},"primaryImageOfPage":{"@id":"https:\/\/nous.biz\/clientes\/#primaryimage"},"image":{"@id":"https:\/\/nous.biz\/clientes\/#primaryimage"},"thumbnailUrl":"https:\/\/nous.biz\/wp-content\/uploads\/2025\/03\/via-aroma.webp","datePublished":"2025-03-30T16:51:10+00:00","dateModified":"2026-01-20T16:57:05+00:00","breadcrumb":{"@id":"https:\/\/nous.biz\/clientes\/#breadcrumb"},"inLanguage":"en-US","potentialAction":[{"@type":"ReadAction","target":["https:\/\/nous.biz\/clientes\/"]}]},{"@type":"ImageObject","inLanguage":"en-US","@id":"https:\/\/nous.biz\/clientes\/#primaryimage","url":"https:\/\/nous.biz\/wp-content\/uploads\/2025\/03\/via-aroma.webp","contentUrl":"https:\/\/nous.biz\/wp-content\/uploads\/2025\/03\/via-aroma.webp"},{"@type":"BreadcrumbList","@id":"https:\/\/nous.biz\/clientes\/#breadcrumb","itemListElement":[{"@type":"ListItem","position":1,"name":"In\u00edcio","item":"https:\/\/nous.biz\/"},{"@type":"ListItem","position":2,"name":"Clientes"}]},{"@type":"WebSite","@id":"https:\/\/nous.biz\/#website","url":"https:\/\/nous.biz\/","name":"No\u00fbs","description":"","publisher":{"@id":"https:\/\/nous.biz\/#organization"},"potentialAction":[{"@type":"SearchAction","target":{"@type":"EntryPoint","urlTemplate":"https:\/\/nous.biz\/?s={search_term_string}"},"query-input":{"@type":"PropertyValueSpecification","valueRequired":true,"valueName":"search_term_string"}}],"inLanguage":"en-US"},{"@type":"Organization","@id":"https:\/\/nous.biz\/#organization","name":"No\u00fbs","url":"https:\/\/nous.biz\/","logo":{"@type":"ImageObject","inLanguage":"en-US","@id":"https:\/\/nous.biz\/#\/schema\/logo\/image\/","url":"https:\/\/nous.biz\/wp-content\/uploads\/2025\/03\/logo-nous.svg","contentUrl":"https:\/\/nous.biz\/wp-content\/uploads\/2025\/03\/logo-nous.svg","width":127,"height":43,"caption":"No\u00fbs"},"image":{"@id":"https:\/\/nous.biz\/#\/schema\/logo\/image\/"}}]}},"_links":{"self":[{"href":"https:\/\/nous.biz\/en\/wp-json\/wp\/v2\/pages\/16","targetHints":{"allow":["GET"]}}],"collection":[{"href":"https:\/\/nous.biz\/en\/wp-json\/wp\/v2\/pages"}],"about":[{"href":"https:\/\/nous.biz\/en\/wp-json\/wp\/v2\/types\/page"}],"author":[{"embeddable":true,"href":"https:\/\/nous.biz\/en\/wp-json\/wp\/v2\/users\/2"}],"replies":[{"embeddable":true,"href":"https:\/\/nous.biz\/en\/wp-json\/wp\/v2\/comments?post=16"}],"version-history":[{"count":66,"href":"https:\/\/nous.biz\/en\/wp-json\/wp\/v2\/pages\/16\/revisions"}],"predecessor-version":[{"id":3389,"href":"https:\/\/nous.biz\/en\/wp-json\/wp\/v2\/pages\/16\/revisions\/3389"}],"wp:attachment":[{"href":"https:\/\/nous.biz\/en\/wp-json\/wp\/v2\/media?parent=16"}],"curies":[{"name":"wp","href":"https:\/\/api.w.org\/{rel}","templated":true}]}}